{"id":1011,"date":"2025-11-07T22:07:03","date_gmt":"2025-11-07T22:07:03","guid":{"rendered":"https:\/\/royalflamme.com\/?post_type=product&#038;p=1011"},"modified":"2025-11-12T16:44:00","modified_gmt":"2025-11-12T16:44:00","slug":"medium-barrel-combo","status":"publish","type":"product","link":"https:\/\/royalflamme.com\/es\/producto\/medium-barrel-combo\/","title":{"rendered":"Combo Barril Mediano"},"content":{"rendered":"","protected":false},"excerpt":{"rendered":"<p>El Barril Asador Royal Medium est\u00e1 dise\u00f1ado para quienes disfrutan reuniones m\u00e1s grandes.<br \/>\nIdeal\npara grupos de 10 a 16 personas, cocina entre 20 y 28 libras de carne a la vez.<\/p>\n<p><span style=\"color: #ff6600;\"><strong>Caracter\u00edsticas:<\/strong> <\/span>25\"x15\" pulgadas, incluye 10 ganchos, parrilla removible, term\u00f3metro y carbonera.<br \/>\nDise\u00f1o funcional que reduce hasta el 90% del humo, ideal para casa o patio.<\/p>\n<p><span style=\"color: #e8741d;\"><strong>INCLUYE<\/strong><\/span><\/p>\n<p>\u2022 Ca\u00f1\u00f3n mediano \/ 20-28 libras<\/p>\n<p>\u2022 Parrilla de Chorizos Peque\u00f1a \/ 8 Chorizos<\/p>\n<p>\u2022 Soporte peque\u00f1o para hamburguesas \/ 3 porciones<\/p>\n<p>\u2022 Juego de brochetas peque\u00f1as \/ 4 brochetas<\/p>\n<p>\u2022 Juego de condimentos \/ 4 condimentos<\/p>\n<p>\u2022 Juego de ganchos peque\u00f1os \/ 10 ganchos<\/p>\n<p><strong><span style=\"color: #e8741d;\">REGALO GRATIS\u00a0 <\/span>&#8220;<\/strong>Parrilla para pollo peque\u00f1a\u201d<\/p>\n<p><span style=\"color: #e8741d;\"><strong>AHORRO DE $70<\/strong><\/span><\/p>\n<p><strong><span style=\"color: #ff6600;\">Delivery gratis<\/span><\/strong> Austin, Cedar Park, Georgetown, Leander, Liberity Hills, Pflugerville, Round Rock, Hutto, Manor, Lockhart, Bastrop, West lake, Buda, Kyle, San Marcos, New braunfels, Seguin, San Antonio.<\/p>","protected":false},"featured_media":671,"comment_status":"open","ping_status":"closed","template":"","meta":{"site-sidebar-layout":"default","site-content-layout":"","ast-site-content-layout":"default","site-content-style":"default","site-sidebar-style":"default","ast-global-header-display":"","ast-banner-title-visibility":"","ast-main-header-display":"","ast-hfb-above-header-display":"","ast-hfb-below-header-display":"","ast-hfb-mobile-header-display":"","site-post-title":"","ast-breadcrumbs-content":"","ast-featured-img":"","footer-sml-layout":"","ast-disable-related-posts":"","theme-transparent-header-meta":"default","adv-header-id-meta":"","stick-header-meta":"","header-above-stick-meta":"","header-main-stick-meta":"","header-below-stick-meta":"","astra-migrate-meta-layouts":"set","ast-page-background-enabled":"default","ast-page-background-meta":{"desktop":{"background-color":"var(--ast-global-color-4)","background-image":"","background-repeat":"repeat","background-position":"center center","background-size":"auto","background-attachment":"scroll","background-type":"","background-media":"","overlay-type":"","overlay-color":"","overlay-opacity":"","overlay-gradient":""},"tablet":{"background-color":"","background-image":"","background-repeat":"repeat","background-position":"center center","background-size":"auto","background-attachment":"scroll","background-type":"","background-media":"","overlay-type":"","overlay-color":"","overlay-opacity":"","overlay-gradient":""},"mobile":{"background-color":"","background-image":"","background-repeat":"repeat","background-position":"center center","background-size":"auto","background-attachment":"scroll","background-type":"","background-media":"","overlay-type":"","overlay-color":"","overlay-opacity":"","overlay-gradient":""}},"ast-content-background-meta":{"desktop":{"background-color":"var(--ast-global-color-5)","background-image":"","background-repeat":"repeat","background-position":"center center","background-size":"auto","background-attachment":"scroll","background-type":"","background-media":"","overlay-type":"","overlay-color":"","overlay-opacity":"","overlay-gradient":""},"tablet":{"background-color":"var(--ast-global-color-5)","background-image":"","background-repeat":"repeat","background-position":"center center","background-size":"auto","background-attachment":"scroll","background-type":"","background-media":"","overlay-type":"","overlay-color":"","overlay-opacity":"","overlay-gradient":""},"mobile":{"background-color":"var(--ast-global-color-5)","background-image":"","background-repeat":"repeat","background-position":"center center","background-size":"auto","background-attachment":"scroll","background-type":"","background-media":"","overlay-type":"","overlay-color":"","overlay-opacity":"","overlay-gradient":""}}},"product_brand":[],"product_cat":[25],"product_tag":[],"class_list":{"0":"post-1011","1":"product","2":"type-product","3":"status-publish","4":"has-post-thumbnail","6":"product_cat-combo","7":"desktop-align-left","8":"tablet-align-left","9":"mobile-align-left","11":"first","12":"instock","13":"sale","14":"taxable","15":"shipping-taxable","16":"purchasable","17":"product-type-simple"},"_links":{"self":[{"href":"https:\/\/royalflamme.com\/es\/wp-json\/wp\/v2\/product\/1011","targetHints":{"allow":["GET"]}}],"collection":[{"href":"https:\/\/royalflamme.com\/es\/wp-json\/wp\/v2\/product"}],"about":[{"href":"https:\/\/royalflamme.com\/es\/wp-json\/wp\/v2\/types\/product"}],"replies":[{"embeddable":true,"href":"https:\/\/royalflamme.com\/es\/wp-json\/wp\/v2\/comments?post=1011"}],"wp:featuredmedia":[{"embeddable":true,"href":"https:\/\/royalflamme.com\/es\/wp-json\/wp\/v2\/media\/671"}],"wp:attachment":[{"href":"https:\/\/royalflamme.com\/es\/wp-json\/wp\/v2\/media?parent=1011"}],"wp:term":[{"taxonomy":"product_brand","embeddable":true,"href":"https:\/\/royalflamme.com\/es\/wp-json\/wp\/v2\/product_brand?post=1011"},{"taxonomy":"product_cat","embeddable":true,"href":"https:\/\/royalflamme.com\/es\/wp-json\/wp\/v2\/product_cat?post=1011"},{"taxonomy":"product_tag","embeddable":true,"href":"https:\/\/royalflamme.com\/es\/wp-json\/wp\/v2\/product_tag?post=1011"}],"curies":[{"name":"wp","href":"https:\/\/api.w.org\/{rel}","templated":true}]}}